{"id":33324,"date":"2025-07-21T06:21:22","date_gmt":"2025-07-21T06:21:22","guid":{"rendered":"https:\/\/koga.dev.proudsite.pl\/produktgruppen\/"},"modified":"2026-03-30T12:35:01","modified_gmt":"2026-03-30T12:35:01","slug":"produktgruppen","status":"publish","type":"page","link":"https:\/\/koga-polska.pl\/de\/produktgruppen\/","title":{"rendered":"Produkte"},"content":{"rendered":"\t\t<div data-elementor-type=\"wp-page\" data-elementor-id=\"33324\" class=\"elementor elementor-33324 elementor-9\" data-elementor-post-type=\"page\">\n\t\t\t\t\t\t<section class=\"elementor-section elementor-top-section elementor-element elementor-element-2fd795e elementor-section-boxed elementor-section-height-default elementor-section-height-default\" data-id=\"2fd795e\" data-element_type=\"section\">\n\t\t\t\t\t\t<div class=\"elementor-container elementor-column-gap-default\">\n\t\t\t\t\t<div class=\"elementor-column elementor-col-100 elementor-top-column elementor-element elementor-element-684f78b\" data-id=\"684f78b\" data-element_type=\"column\">\n\t\t\t<div class=\"elementor-widget-wrap elementor-element-populated\">\n\t\t\t\t\t\t<div class=\"elementor-element elementor-element-332d217 elementor-widget elementor-widget-bwp_slider\" data-id=\"332d217\" data-element_type=\"widget\" data-widget_type=\"bwp_slider.default\">\n\t\t\t\t<div class=\"elementor-widget-container\">\n\t\t\t\t\t\t\t<div class=\"bwp-slider slider-homepage1\">\r\n\t\t\t\t<div class=\"slick-carousel slick-carousel-center\" data-autoplay=\"true\" data-dots=\"false\"  data-nav=\"true\" data-columns4=\"1\" data-columns3=\"2\" data-columns2=\"3\" data-columns1=\"3\" data-columns1440=\"3\" data-columns=\"3\">\r\n\t\t\t\t\t\t\t<div class=\"item\">\r\n\t\t\t\t\t<div class=\"item-content\">\r\n\t\t\t\t\t\t<div class=\"content-image\">\r\n\t\t\t\t\t\t\t\t\t\t\t\t\t\t\t<img decoding=\"async\" src=\"https:\/\/koga.dev.proudsite.pl\/wp-content\/uploads\/2025\/08\/banner-grupy-produktow-wielkanoc-1.jpg\" alt=\"Image Slider\">\r\n\t\t\t\t\t\t\t\t\t\t\t\t\t<\/div>\r\n\t\t\t\t\t\t<div class=\"item-info horizontal_center vertical_bottom align_center\">\r\n\t\t\t\t\t\t\t<div class=\"content\">\r\n\t\t\t\t\t\t\t\t\t\t\t\t\t\t\t\t\t\t\t\t\t\t\t\t\t\t\t\t\t\t\t\t\t\t\t\t\t\t\t\t\t<a class=\"button-slider\" href=\"https:\/\/koga.dev.proudsite.pl\/kategoria-produktu\/wielkanoc\/\">Ostern<\/a>\t\t\t\t\t\t\r\n\t\t\t\t\t\t\t\t\t\t\t\t\t\t\t<\/div>\r\n\t\t\t\t\t\t<\/div>\r\n\t\t\t\t\t<\/div>\r\n\t\t\t\t<\/div>\r\n\t\t\t\t\t\t\t<div class=\"item\">\r\n\t\t\t\t\t<div class=\"item-content\">\r\n\t\t\t\t\t\t<div class=\"content-image\">\r\n\t\t\t\t\t\t\t\t\t\t\t\t\t\t\t<img decoding=\"async\" src=\"https:\/\/koga.dev.proudsite.pl\/wp-content\/uploads\/2025\/08\/banner-grupy-produktow-wszystkich-swietych-1.jpg\" alt=\"Image Slider\">\r\n\t\t\t\t\t\t\t\t\t\t\t\t\t<\/div>\r\n\t\t\t\t\t\t<div class=\"item-info horizontal_center vertical_bottom align_center\">\r\n\t\t\t\t\t\t\t<div class=\"content\">\r\n\t\t\t\t\t\t\t\t\t\t\t\t\t\t\t\t\t\t\t\t\t\t\t\t\t\t\t\t\t\t\t\t\t\t\t\t\t\t\t\t\t<a class=\"button-slider\" href=\"https:\/\/koga.dev.proudsite.pl\/kategoria-produktu\/wszystkich-swietych\/\">Allerheiligen <span><\/span><\/a>\t\t\t\t\t\t\r\n\t\t\t\t\t\t\t\t\t\t\t\t\t\t\t<\/div>\r\n\t\t\t\t\t\t<\/div>\r\n\t\t\t\t\t<\/div>\r\n\t\t\t\t<\/div>\r\n\t\t\t\t\t\t\t<div class=\"item\">\r\n\t\t\t\t\t<div class=\"item-content\">\r\n\t\t\t\t\t\t<div class=\"content-image\">\r\n\t\t\t\t\t\t\t\t\t\t\t\t\t\t\t<img decoding=\"async\" src=\"https:\/\/koga.dev.proudsite.pl\/wp-content\/uploads\/2025\/08\/banner-grupy-produktow-adwent-boze-narodzenie-1.jpg\" alt=\"Image Slider\">\r\n\t\t\t\t\t\t\t\t\t\t\t\t\t<\/div>\r\n\t\t\t\t\t\t<div class=\"item-info horizontal_center vertical_bottom align_center\">\r\n\t\t\t\t\t\t\t<div class=\"content\">\r\n\t\t\t\t\t\t\t\t\t\t\t\t\t\t\t\t\t\t\t\t\t\t\t\t\t\t\t\t\t\t\t\t\t\t\t\t\t\t\t\t\t<a class=\"button-slider\" href=\"https:\/\/koga.dev.proudsite.pl\/kategoria-produktu\/adwent-boze-narodzenie\/\">Advent <span>und Weihnachten<\/span><\/a>\t\t\t\t\t\t\r\n\t\t\t\t\t\t\t\t\t\t\t\t\t\t\t<\/div>\r\n\t\t\t\t\t\t<\/div>\r\n\t\t\t\t\t<\/div>\r\n\t\t\t\t<\/div>\r\n\t\t\t\t\t\t\t<div class=\"item\">\r\n\t\t\t\t\t<div class=\"item-content\">\r\n\t\t\t\t\t\t<div class=\"content-image\">\r\n\t\t\t\t\t\t\t\t\t\t\t\t\t\t\t<img decoding=\"async\" src=\"https:\/\/koga.dev.proudsite.pl\/wp-content\/uploads\/2025\/08\/banner-grupy-produktow-wience-pogrzebowe-1.jpg\" alt=\"Image Slider\">\r\n\t\t\t\t\t\t\t\t\t\t\t\t\t<\/div>\r\n\t\t\t\t\t\t<div class=\"item-info horizontal_center vertical_bottom align_center\">\r\n\t\t\t\t\t\t\t<div class=\"content\">\r\n\t\t\t\t\t\t\t\t\t\t\t\t\t\t\t\t\t\t\t\t\t\t\t\t\t\t\t\t\t\t\t\t\t\t\t\t\t\t\t\t\t<a class=\"button-slider\" href=\"https:\/\/koga.dev.proudsite.pl\/kategoria-produktu\/wience-pogrzebowe\/\">Trauerkr\u00e4nze <span><\/span><\/a>\t\t\t\t\t\t\r\n\t\t\t\t\t\t\t\t\t\t\t\t\t\t\t<\/div>\r\n\t\t\t\t\t\t<\/div>\r\n\t\t\t\t\t<\/div>\r\n\t\t\t\t<\/div>\r\n\t\t\t\t\t\t\t<div class=\"item\">\r\n\t\t\t\t\t<div class=\"item-content\">\r\n\t\t\t\t\t\t<div class=\"content-image\">\r\n\t\t\t\t\t\t\t\t\t\t\t\t\t\t\t<img decoding=\"async\" src=\"https:\/\/koga.dev.proudsite.pl\/wp-content\/uploads\/2025\/08\/banner-grupy-produktow-susz-roslinny.jpg\" alt=\"Image Slider\">\r\n\t\t\t\t\t\t\t\t\t\t\t\t\t<\/div>\r\n\t\t\t\t\t\t<div class=\"item-info horizontal_center vertical_bottom align_center\">\r\n\t\t\t\t\t\t\t<div class=\"content\">\r\n\t\t\t\t\t\t\t\t\t\t\t\t\t\t\t\t\t\t\t\t\t\t\t\t\t\t\t\t\t\t\t\t\t\t\t\t\t\t\t\t\t<a class=\"button-slider\" href=\"https:\/\/koga.dev.proudsite.pl\/kategoria-produktu\/susz-szyszki\/\">Trockenfr\u00fcchte und Kiefernzapfen<\/a>\t\t\t\t\t\t\r\n\t\t\t\t\t\t\t\t\t\t\t\t\t\t\t<\/div>\r\n\t\t\t\t\t\t<\/div>\r\n\t\t\t\t\t<\/div>\r\n\t\t\t\t<\/div>\r\n\t\t\t\t\t\t\t<div class=\"item\">\r\n\t\t\t\t\t<div class=\"item-content\">\r\n\t\t\t\t\t\t<div class=\"content-image\">\r\n\t\t\t\t\t\t\t\t\t\t\t\t\t\t\t<img decoding=\"async\" src=\"https:\/\/koga.dev.proudsite.pl\/wp-content\/uploads\/2025\/08\/banner-grupy-produktow-Jesien.jpg\" alt=\"Image Slider\">\r\n\t\t\t\t\t\t\t\t\t\t\t\t\t<\/div>\r\n\t\t\t\t\t\t<div class=\"item-info horizontal_center vertical_bottom align_center\">\r\n\t\t\t\t\t\t\t<div class=\"content\">\r\n\t\t\t\t\t\t\t\t\t\t\t\t\t\t\t\t\t\t\t\t\t\t\t\t\t\t\t\t\t\t\t\t\t\t\t\t\t\t\t\t\t<a class=\"button-slider\" href=\"https:\/\/koga.dev.proudsite.pl\/kategoria-produktu\/jesien\/\">Herbst<\/a>\t\t\t\t\t\t\r\n\t\t\t\t\t\t\t\t\t\t\t\t\t\t\t<\/div>\r\n\t\t\t\t\t\t<\/div>\r\n\t\t\t\t\t<\/div>\r\n\t\t\t\t<\/div>\r\n\t\t\t\t\t<\/div>\r\n\t<\/div>\r\n\t\t\t\t<\/div>\n\t\t\t\t<\/div>\n\t\t\t\t\t<\/div>\n\t\t<\/div>\n\t\t\t\t\t<\/div>\n\t\t<\/section>\n\t\t\t\t<section class=\"elementor-section elementor-top-section elementor-element elementor-element-924ef66 elementor-section-boxed elementor-section-height-default elementor-section-height-default\" data-id=\"924ef66\" data-element_type=\"section\">\n\t\t\t\t\t\t<div class=\"elementor-container elementor-column-gap-default\">\n\t\t\t\t\t<div class=\"elementor-column elementor-col-50 elementor-top-column elementor-element elementor-element-4eb6de8\" data-id=\"4eb6de8\" data-element_type=\"column\">\n\t\t\t<div class=\"elementor-widget-wrap elementor-element-populated\">\n\t\t\t\t\t\t<section class=\"elementor-section elementor-inner-section elementor-element elementor-element-f1b7197 height-100 elementor-section-boxed elementor-section-height-default elementor-section-height-default\" data-id=\"f1b7197\" data-element_type=\"section\">\n\t\t\t\t\t\t\t<div class=\"elementor-background-overlay\"><\/div>\n\t\t\t\t\t\t\t<div class=\"elementor-container elementor-column-gap-default\">\n\t\t\t\t\t<div class=\"elementor-column elementor-col-100 elementor-inner-column elementor-element elementor-element-61064e9\" data-id=\"61064e9\" data-element_type=\"column\" data-settings=\"{&quot;background_background&quot;:&quot;classic&quot;}\">\n\t\t\t<div class=\"elementor-widget-wrap elementor-element-populated\">\n\t\t\t\t\t\t<div class=\"elementor-element elementor-element-f3bcc11 title-block-1 elementor-widget elementor-widget-heading\" data-id=\"f3bcc11\" data-element_type=\"widget\" data-widget_type=\"heading.default\">\n\t\t\t\t\t<h2 class=\"elementor-heading-title elementor-size-default\">Handgefertigt<br><span>in h\u00f6chster Qualit\u00e4t<\/span><\/h2>\t\t\t\t<\/div>\n\t\t\t\t<div class=\"elementor-element elementor-element-449ee52 elementor-align-center border-button elementor-widget elementor-widget-button\" data-id=\"449ee52\" data-element_type=\"widget\" data-widget_type=\"button.default\">\n\t\t\t\t\t\t\t\t\t\t<a class=\"elementor-button elementor-button-link elementor-size-sm\" href=\"https:\/\/koga.dev.proudsite.pl\/sklep\/\">\n\t\t\t\t\t\t<span class=\"elementor-button-content-wrapper\">\n\t\t\t\t\t\t\t\t\t<span class=\"elementor-button-text\">Shop<\/span>\n\t\t\t\t\t<\/span>\n\t\t\t\t\t<\/a>\n\t\t\t\t\t\t\t\t<\/div>\n\t\t\t\t\t<\/div>\n\t\t<\/div>\n\t\t\t\t\t<\/div>\n\t\t<\/section>\n\t\t\t\t\t<\/div>\n\t\t<\/div>\n\t\t\t\t<div class=\"elementor-column elementor-col-50 elementor-top-column elementor-element elementor-element-db2c901\" data-id=\"db2c901\" data-element_type=\"column\">\n\t\t\t<div class=\"elementor-widget-wrap elementor-element-populated\">\n\t\t\t\t\t\t<div class=\"elementor-element elementor-element-02c0990 elementor-widget elementor-widget-bwp_product_list\" data-id=\"02c0990\" data-element_type=\"widget\" data-widget_type=\"bwp_product_list.default\">\n\t\t\t\t<div class=\"elementor-widget-container\">\n\t\t\t\t\t\t<div id=\"bwp_default_3203670811775861795\" class=\"bwp_product_list slider no-title\">\r\n\t\t\t\t<div class=\"list-product\">\r\n\t\t\t<div class=\"product-content\">\r\n\t\t\t\t<div class=\"content-product-list\">\t\r\n\t\t\t\t\t<div class=\"slider products-list grid slick-carousel\" data-slidesToScroll=\"true\" data-dots=\"false\"  data-nav=\"0\" data-columns4=\"2\" data-columns3=\"2\" data-columns2=\"2\" data-columns1=\"2\" data-columns1440=\"2\" data-columns=\"2\">\t\r\n\t\t\t\t\t\t\t\t\t\t\t\t\t\t\t\t\t\t<div class=\"item-product\">\r\n\t\t\t\t\t\t\t\t\t\t\t\t\t<div class=\"items\">\r\n\t\t\t\t\t\t\t\t\t\t\t\t\t\t\t\t\t<div class=\"products-entry content-product1 clearfix product-wapper\">\n\t<div class=\"products-thumb\">\n\t\t\t<div class='product-lable'>\n\t\t\t\t\t\t\t\t\n\t\t\t<\/div>\n<div class=\"product-thumb-hover\"><a href=\"https:\/\/koga-polska.pl\/de\/sklep\/trauerkraenze\/stroik-nagrobny-stojacy\/\" class=\"woocommerce-LoopProduct-link\"><img fetchpriority=\"high\" decoding=\"async\" width=\"600\" height=\"713\" src=\"https:\/\/koga-polska.pl\/wp-content\/uploads\/2025\/08\/KO-A-19-004_Stroik_33cm_1-600x713.jpg\" class=\"fade-in lazyload wp-post-image\" alt=\"\" loading=\"eager\" \/><img decoding=\"async\" width=\"600\" height=\"713\" src=\"https:\/\/koga-polska.pl\/wp-content\/uploads\/2025\/08\/KO-A-19-004_Stroik_33cm_2-600x713.jpg\" class=\"hover-image back\" alt=\"\" loading=\"eager\" \/><\/a><\/div>\t\t<div class='product-button'>\n\t\t\t<div data-title=\"Weiterlesen\"><a rel=\"nofollow\"  href=\"https:\/\/koga-polska.pl\/de\/sklep\/trauerkraenze\/stroik-nagrobny-stojacy\/\" data-quantity=\"1\" data-product_id=\"36906\" data-product_sku=\"\" class=\"button product_type_variable read_more\">Weiterlesen<\/a><\/div><div class=\"woosw-wishlist\" data-title=\"Wunschliste\"><button class=\"woosw-btn woosw-btn-36906\" data-id=\"36906\">Zur Wunschliste hinzuf\u00fcgen<\/button><\/div><span class=\"product-quickview\"  data-title=\"Quick View\"><a href=\"#\" data-product_id=\"36906\" class=\"quickview quickview-button quickview-36906\" >Quick View <i class=\"icon-search\"><\/i><\/a><\/span>\t\t<\/div>\n\t\t\t<\/div>\n\t<div class=\"products-content\">\n\t\t<div class=\"contents\">\n\t\t\t<h3 class=\"product-title\"><a href=\"https:\/\/koga-polska.pl\/de\/sklep\/trauerkraenze\/stroik-nagrobny-stojacy\/\">Stehendes Grabgesteck<\/a><\/h3>\n\t\t\t\n\t<span class=\"price\"><style>.product .price-single { padding: 0 !important; } .product .price { display: none !important; }<\/style><\/span>\n\t\t<\/div>\n\t<\/div>\n<\/div>\t\t\t\t\t\t\t\t\t\t\t\t\t\t\t<\/div>\r\n\t\t\t\t\t\t\t\t\t\t\t\t\t\t\t\t\t\t\t\t\t\t\t\t<div class=\"items\">\r\n\t\t\t\t\t\t\t\t\t\t\t\t\t\t\t\t\t<div class=\"products-entry content-product1 clearfix product-wapper\">\n\t<div class=\"products-thumb\">\n\t\t\t<div class='product-lable'>\n\t\t\t\t\t\t\t\t\n\t\t\t<\/div>\n<a href=\"https:\/\/koga-polska.pl\/de\/sklep\/trauerkraenze\/bukiet-z-galazek-35cm\/\" class=\"woocommerce-LoopProduct-link\"><img decoding=\"async\" width=\"600\" height=\"713\" src=\"https:\/\/koga-polska.pl\/wp-content\/uploads\/2025\/08\/KO-A-19-013_Bukiet_z_jodly_maly_35cm-600x713.jpg\" class=\"fade-in lazyload wp-post-image\" alt=\"\" loading=\"eager\" \/><\/a>\t\t<div class='product-button'>\n\t\t\t<div data-title=\"Weiterlesen\"><a rel=\"nofollow\"  href=\"https:\/\/koga-polska.pl\/de\/sklep\/trauerkraenze\/bukiet-z-galazek-35cm\/\" data-quantity=\"1\" data-product_id=\"36881\" data-product_sku=\"\" class=\"button product_type_variable read_more\">Weiterlesen<\/a><\/div><div class=\"woosw-wishlist\" data-title=\"Wunschliste\"><button class=\"woosw-btn woosw-btn-36881\" data-id=\"36881\">Zur Wunschliste hinzuf\u00fcgen<\/button><\/div><span class=\"product-quickview\"  data-title=\"Quick View\"><a href=\"#\" data-product_id=\"36881\" class=\"quickview quickview-button quickview-36881\" >Quick View <i class=\"icon-search\"><\/i><\/a><\/span>\t\t<\/div>\n\t\t\t<\/div>\n\t<div class=\"products-content\">\n\t\t<div class=\"contents\">\n\t\t\t<h3 class=\"product-title\"><a href=\"https:\/\/koga-polska.pl\/de\/sklep\/trauerkraenze\/bukiet-z-galazek-35cm\/\">Zweigbukett 35cm<\/a><\/h3>\n\t\t\t\n\t<span class=\"price\"><style>.product .price-single { padding: 0 !important; } .product .price { display: none !important; }<\/style><\/span>\n\t\t<\/div>\n\t<\/div>\n<\/div>\t\t\t\t\t\t\t\t\t\t\t\t\t\t\t<\/div>\r\n\t\t\t\t\t\t \r\n\t\t\t\t\t\t\t<\/div><!-- #post-## -->\r\n\t\t\t\t\t\t\t\t\t\t\t\t\t\t\t\t\t\t\t\t\t\t\t\t<div class=\"item-product\">\r\n\t\t\t\t\t\t\t\t\t\t\t\t\t<div class=\"items\">\r\n\t\t\t\t\t\t\t\t\t\t\t\t\t\t\t\t\t<div class=\"products-entry content-product1 clearfix product-wapper\">\n\t<div class=\"products-thumb\">\n\t\t\t<div class='product-lable'>\n\t\t\t\t\t\t\t\t\n\t\t\t<\/div>\n<a href=\"https:\/\/koga-polska.pl\/de\/sklep\/trauerkraenze\/serce-z-galazek-na-stojaku\/\" class=\"woocommerce-LoopProduct-link\"><img decoding=\"async\" width=\"600\" height=\"750\" src=\"https:\/\/koga-polska.pl\/wp-content\/uploads\/2025\/10\/Untitled-design-2-600x750.png\" class=\"fade-in lazyload wp-post-image\" alt=\"\" loading=\"eager\" \/><\/a>\t\t<div class='product-button'>\n\t\t\t<div data-title=\"Weiterlesen\"><a rel=\"nofollow\"  href=\"https:\/\/koga-polska.pl\/de\/sklep\/trauerkraenze\/serce-z-galazek-na-stojaku\/\" data-quantity=\"1\" data-product_id=\"36872\" data-product_sku=\"\" class=\"button product_type_variable read_more\">Weiterlesen<\/a><\/div><div class=\"woosw-wishlist\" data-title=\"Wunschliste\"><button class=\"woosw-btn woosw-btn-36872\" data-id=\"36872\">Zur Wunschliste hinzuf\u00fcgen<\/button><\/div><span class=\"product-quickview\"  data-title=\"Quick View\"><a href=\"#\" data-product_id=\"36872\" class=\"quickview quickview-button quickview-36872\" >Quick View <i class=\"icon-search\"><\/i><\/a><\/span>\t\t<\/div>\n\t\t\t<\/div>\n\t<div class=\"products-content\">\n\t\t<div class=\"contents\">\n\t\t\t<h3 class=\"product-title\"><a href=\"https:\/\/koga-polska.pl\/de\/sklep\/trauerkraenze\/serce-z-galazek-na-stojaku\/\">Herz aus Zweigen auf einem St\u00e4nder<\/a><\/h3>\n\t\t\t\n\t<span class=\"price\"><style>.product .price-single { padding: 0 !important; } .product .price { display: none !important; }<\/style><\/span>\n\t\t<\/div>\n\t<\/div>\n<\/div>\t\t\t\t\t\t\t\t\t\t\t\t\t\t\t<\/div>\r\n\t\t\t\t\t\t\t\t\t\t\t\t\t\t\t\t\t\t\t\t\t\t\t\t<div class=\"items\">\r\n\t\t\t\t\t\t\t\t\t\t\t\t\t\t\t\t\t<div class=\"products-entry content-product1 clearfix product-wapper\">\n\t<div class=\"products-thumb\">\n\t\t\t<div class='product-lable'>\n\t\t\t\t\t\t\t\t\n\t\t\t<\/div>\n<div class=\"product-thumb-hover\"><a href=\"https:\/\/koga-polska.pl\/de\/sklep\/trauerkraenze\/stroik-z-aniolkiem-25cm\/\" class=\"woocommerce-LoopProduct-link\"><img decoding=\"async\" width=\"600\" height=\"600\" src=\"https:\/\/koga-polska.pl\/wp-content\/uploads\/2025\/10\/Krenn-Allerheiligengesteck-25.10.2022-128-Kopie-600x600.png\" class=\"fade-in lazyload wp-post-image\" alt=\"\" loading=\"eager\" \/><img decoding=\"async\" width=\"600\" height=\"750\" src=\"https:\/\/koga-polska.pl\/wp-content\/uploads\/2025\/10\/Krenn-Allerheiligengesteck-25.10.2022-128-2-Kopie-600x750.png\" class=\"hover-image back\" alt=\"\" loading=\"eager\" \/><\/a><\/div>\t\t<div class='product-button'>\n\t\t\t<div data-title=\"Weiterlesen\"><a rel=\"nofollow\"  href=\"https:\/\/koga-polska.pl\/de\/sklep\/trauerkraenze\/stroik-z-aniolkiem-25cm\/\" data-quantity=\"1\" data-product_id=\"36868\" data-product_sku=\"\" class=\"button product_type_simple read_more ajax_add_to_cart\">Weiterlesen<\/a><\/div><div class=\"woosw-wishlist\" data-title=\"Wunschliste\"><button class=\"woosw-btn woosw-btn-36868\" data-id=\"36868\">Zur Wunschliste hinzuf\u00fcgen<\/button><\/div><span class=\"product-quickview\"  data-title=\"Quick View\"><a href=\"#\" data-product_id=\"36868\" class=\"quickview quickview-button quickview-36868\" >Quick View <i class=\"icon-search\"><\/i><\/a><\/span>\t\t<\/div>\n\t\t\t<\/div>\n\t<div class=\"products-content\">\n\t\t<div class=\"contents\">\n\t\t\t<h3 class=\"product-title\"><a href=\"https:\/\/koga-polska.pl\/de\/sklep\/trauerkraenze\/stroik-z-aniolkiem-25cm\/\">Gesteck mit Engel 25cm<\/a><\/h3>\n\t\t\t\n\t<span class=\"price\"><style>.product .price-single { padding: 0 !important; } .product .price { display: none !important; }<\/style><\/span>\n\t\t<\/div>\n\t<\/div>\n<\/div>\t\t\t\t\t\t\t\t\t\t\t\t\t\t\t<\/div>\r\n\t\t\t\t\t\t \r\n\t\t\t\t\t\t\t<\/div><!-- #post-## -->\r\n\t\t\t\t\t\t\t\t\t\t\t\t\t\t\t\t\t\t\t\t\t\t\t\t<div class=\"item-product\">\r\n\t\t\t\t\t\t\t\t\t\t\t\t\t<div class=\"items\">\r\n\t\t\t\t\t\t\t\t\t\t\t\t\t\t\t\t\t<div class=\"products-entry content-product1 clearfix product-wapper\">\n\t<div class=\"products-thumb\">\n\t\t\t<div class='product-lable'>\n\t\t\t\t\t\t\t\t\n\t\t\t<\/div>\n<a href=\"https:\/\/koga-polska.pl\/de\/sklep\/trauerkraenze\/stroik-ze-swieca-35\/\" class=\"woocommerce-LoopProduct-link\"><img decoding=\"async\" width=\"600\" height=\"600\" src=\"https:\/\/koga-polska.pl\/wp-content\/uploads\/2025\/10\/Krenn-Allerheiligengesteck-25.10.2022-126-Kopie-600x600.png\" class=\"fade-in lazyload wp-post-image\" alt=\"\" loading=\"eager\" \/><\/a>\t\t<div class='product-button'>\n\t\t\t<div data-title=\"Weiterlesen\"><a rel=\"nofollow\"  href=\"https:\/\/koga-polska.pl\/de\/sklep\/trauerkraenze\/stroik-ze-swieca-35\/\" data-quantity=\"1\" data-product_id=\"36858\" data-product_sku=\"\" class=\"button product_type_variable read_more\">Weiterlesen<\/a><\/div><div class=\"woosw-wishlist\" data-title=\"Wunschliste\"><button class=\"woosw-btn woosw-btn-36858\" data-id=\"36858\">Zur Wunschliste hinzuf\u00fcgen<\/button><\/div><span class=\"product-quickview\"  data-title=\"Quick View\"><a href=\"#\" data-product_id=\"36858\" class=\"quickview quickview-button quickview-36858\" >Quick View <i class=\"icon-search\"><\/i><\/a><\/span>\t\t<\/div>\n\t\t\t<\/div>\n\t<div class=\"products-content\">\n\t\t<div class=\"contents\">\n\t\t\t<h3 class=\"product-title\"><a href=\"https:\/\/koga-polska.pl\/de\/sklep\/trauerkraenze\/stroik-ze-swieca-35\/\">Gesteck mit Kerze 35cm<\/a><\/h3>\n\t\t\t\n\t<span class=\"price\"><style>.product .price-single { padding: 0 !important; } .product .price { display: none !important; }<\/style><\/span>\n\t\t<\/div>\n\t<\/div>\n<\/div>\t\t\t\t\t\t\t\t\t\t\t\t\t\t\t<\/div>\r\n\t\t\t\t\t\t \r\n\t\t\t\t\t\t\t<\/div><!-- #post-## -->\r\n\t\t\t\t\t\t\t\t\t\t\t\t\t\t\t\t<\/div>\r\n\t\t\t\t<\/div>\r\n\t\t\t<\/div>\r\n\t\t<\/div>\r\n\t<\/div>\r\n\t\t\t\t\t<\/div>\n\t\t\t\t<\/div>\n\t\t\t\t\t<\/div>\n\t\t<\/div>\n\t\t\t\t\t<\/div>\n\t\t<\/section>\n\t\t\t\t<\/div>\n\t\t","protected":false},"excerpt":{"rendered":"<p>Ostern Allerheiligen Advent und Weihnachten Trauerkr\u00e4nze Trockenfr\u00fcchte und Kiefernzapfen Herbst Handgefertigtin h\u00f6chster Qualit\u00e4t Shop Wybierz opcjeDodaj do listy \u017cycze\u0144Quick View Stehendes Grabgesteck 42,00&nbsp;&#122;&#322; &ndash; 150,00&nbsp;&#122;&#322;Zakres cen: od 42,00&nbsp;&#122;&#322; do 150,00&nbsp;&#122;&#322; Wybierz opcjeDodaj do listy \u017cycze\u0144Quick View Zweigbukett 35cm 61,00&nbsp;&#122;&#322; Wybierz opcjeDodaj do listy \u017cycze\u0144Quick View Herz aus Zweigen auf einem St\u00e4nder 116,00&nbsp;&#122;&#322; &ndash; 139,00&nbsp;&#122;&#322;Zakres cen: [&hellip;]<\/p>\n","protected":false},"author":1,"featured_media":0,"parent":0,"menu_order":0,"comment_status":"closed","ping_status":"closed","template":"","meta":{"footnotes":""},"class_list":["post-33324","page","type-page","status-publish","hentry","has-post-thumbnail"],"_links":{"self":[{"href":"https:\/\/koga-polska.pl\/de\/wp-json\/wp\/v2\/pages\/33324","targetHints":{"allow":["GET"]}}],"collection":[{"href":"https:\/\/koga-polska.pl\/de\/wp-json\/wp\/v2\/pages"}],"about":[{"href":"https:\/\/koga-polska.pl\/de\/wp-json\/wp\/v2\/types\/page"}],"author":[{"embeddable":true,"href":"https:\/\/koga-polska.pl\/de\/wp-json\/wp\/v2\/users\/1"}],"replies":[{"embeddable":true,"href":"https:\/\/koga-polska.pl\/de\/wp-json\/wp\/v2\/comments?post=33324"}],"version-history":[{"count":5,"href":"https:\/\/koga-polska.pl\/de\/wp-json\/wp\/v2\/pages\/33324\/revisions"}],"predecessor-version":[{"id":38097,"href":"https:\/\/koga-polska.pl\/de\/wp-json\/wp\/v2\/pages\/33324\/revisions\/38097"}],"wp:attachment":[{"href":"https:\/\/koga-polska.pl\/de\/wp-json\/wp\/v2\/media?parent=33324"}],"curies":[{"name":"wp","href":"https:\/\/api.w.org\/{rel}","templated":true}]}}