{"id":35968,"date":"2025-10-13T12:13:23","date_gmt":"2025-10-13T12:13:23","guid":{"rendered":"https:\/\/koga-polska.pl\/sklep\/unkategorisiert\/galazki-murii\/"},"modified":"2026-02-18T09:32:47","modified_gmt":"2026-02-18T09:32:47","slug":"galazki-murii","status":"publish","type":"product","link":"https:\/\/koga-polska.pl\/de\/sklep\/trockenfruchte-und-kiefernzapfen\/galazki-murii\/","title":{"rendered":"Ga\u0142\u0105zki Murii"},"content":{"rendered":"","protected":false},"excerpt":{"rendered":"<p>Ga\u0142\u0105zki Murii ekstra 8+<br \/>\nGa\u0142\u0105zki Murii 5+<\/p>\n","protected":false},"featured_media":34423,"comment_status":"open","ping_status":"closed","template":"","meta":[],"product_brand":[],"product_cat":[196],"product_tag":[],"class_list":{"0":"post-35968","1":"product","2":"type-product","3":"status-publish","4":"has-post-thumbnail","6":"product_cat-trockenfruchte-und-kiefernzapfen","9":"first","10":"onbackorder","11":"shipping-taxable","12":"product-type-variable"},"_links":{"self":[{"href":"https:\/\/koga-polska.pl\/de\/wp-json\/wp\/v2\/product\/35968","targetHints":{"allow":["GET"]}}],"collection":[{"href":"https:\/\/koga-polska.pl\/de\/wp-json\/wp\/v2\/product"}],"about":[{"href":"https:\/\/koga-polska.pl\/de\/wp-json\/wp\/v2\/types\/product"}],"replies":[{"embeddable":true,"href":"https:\/\/koga-polska.pl\/de\/wp-json\/wp\/v2\/comments?post=35968"}],"version-history":[{"count":1,"href":"https:\/\/koga-polska.pl\/de\/wp-json\/wp\/v2\/product\/35968\/revisions"}],"predecessor-version":[{"id":35972,"href":"https:\/\/koga-polska.pl\/de\/wp-json\/wp\/v2\/product\/35968\/revisions\/35972"}],"wp:featuredmedia":[{"embeddable":true,"href":"https:\/\/koga-polska.pl\/de\/wp-json\/wp\/v2\/media\/34423"}],"wp:attachment":[{"href":"https:\/\/koga-polska.pl\/de\/wp-json\/wp\/v2\/media?parent=35968"}],"wp:term":[{"taxonomy":"product_brand","embeddable":true,"href":"https:\/\/koga-polska.pl\/de\/wp-json\/wp\/v2\/product_brand?post=35968"},{"taxonomy":"product_cat","embeddable":true,"href":"https:\/\/koga-polska.pl\/de\/wp-json\/wp\/v2\/product_cat?post=35968"},{"taxonomy":"product_tag","embeddable":true,"href":"https:\/\/koga-polska.pl\/de\/wp-json\/wp\/v2\/product_tag?post=35968"}],"curies":[{"name":"wp","href":"https:\/\/api.w.org\/{rel}","templated":true}]}}