{"id":35993,"date":"2025-10-13T11:48:19","date_gmt":"2025-10-13T11:48:19","guid":{"rendered":"https:\/\/koga-polska.pl\/sklep\/unkategorisiert\/galazki-sabulosum-3-4-glowki\/"},"modified":"2026-02-18T09:39:37","modified_gmt":"2026-02-18T09:39:37","slug":"galazki-sabulosum-3-4-glowki","status":"publish","type":"product","link":"https:\/\/koga-polska.pl\/de\/sklep\/trockenfruchte-und-kiefernzapfen\/galazki-sabulosum-3-4-glowki\/","title":{"rendered":"Ga\u0142\u0105zki Sabulosum 3-4 g\u0142\u00f3wki"},"content":{"rendered":"","protected":false},"excerpt":{"rendered":"<p>naturalny, 50 szt.<\/p>\n","protected":false},"featured_media":34394,"comment_status":"open","ping_status":"closed","template":"","meta":[],"product_brand":[],"product_cat":[196],"product_tag":[],"class_list":{"0":"post-35993","1":"product","2":"type-product","3":"status-publish","4":"has-post-thumbnail","6":"product_cat-trockenfruchte-und-kiefernzapfen","9":"first","10":"onbackorder","11":"shipping-taxable","12":"product-type-simple"},"_links":{"self":[{"href":"https:\/\/koga-polska.pl\/de\/wp-json\/wp\/v2\/product\/35993","targetHints":{"allow":["GET"]}}],"collection":[{"href":"https:\/\/koga-polska.pl\/de\/wp-json\/wp\/v2\/product"}],"about":[{"href":"https:\/\/koga-polska.pl\/de\/wp-json\/wp\/v2\/types\/product"}],"replies":[{"embeddable":true,"href":"https:\/\/koga-polska.pl\/de\/wp-json\/wp\/v2\/comments?post=35993"}],"version-history":[{"count":1,"href":"https:\/\/koga-polska.pl\/de\/wp-json\/wp\/v2\/product\/35993\/revisions"}],"predecessor-version":[{"id":35995,"href":"https:\/\/koga-polska.pl\/de\/wp-json\/wp\/v2\/product\/35993\/revisions\/35995"}],"wp:featuredmedia":[{"embeddable":true,"href":"https:\/\/koga-polska.pl\/de\/wp-json\/wp\/v2\/media\/34394"}],"wp:attachment":[{"href":"https:\/\/koga-polska.pl\/de\/wp-json\/wp\/v2\/media?parent=35993"}],"wp:term":[{"taxonomy":"product_brand","embeddable":true,"href":"https:\/\/koga-polska.pl\/de\/wp-json\/wp\/v2\/product_brand?post=35993"},{"taxonomy":"product_cat","embeddable":true,"href":"https:\/\/koga-polska.pl\/de\/wp-json\/wp\/v2\/product_cat?post=35993"},{"taxonomy":"product_tag","embeddable":true,"href":"https:\/\/koga-polska.pl\/de\/wp-json\/wp\/v2\/product_tag?post=35993"}],"curies":[{"name":"wp","href":"https:\/\/api.w.org\/{rel}","templated":true}]}}