{"id":36617,"date":"2025-10-01T15:37:56","date_gmt":"2025-10-01T15:37:56","guid":{"rendered":"https:\/\/koga-polska.pl\/sklep\/unkategorisiert\/szyszki-duzy-3-szt\/"},"modified":"2026-03-17T15:26:38","modified_gmt":"2026-03-17T15:26:38","slug":"szyszki-duzy-3-szt","status":"publish","type":"product","link":"https:\/\/koga-polska.pl\/de\/sklep\/allerheiligen\/szyszki-duzy-3-szt\/","title":{"rendered":"Gro\u00dfe Zapfen 3 St\u00fcck"},"content":{"rendered":"","protected":false},"excerpt":{"rendered":"<p>Gro\u00dfe Zapfen 3 St\u00fcck<\/p>\n","protected":false},"featured_media":34054,"comment_status":"open","ping_status":"closed","template":"","meta":[],"product_brand":[],"product_cat":[199],"product_tag":[],"class_list":{"0":"post-36617","1":"product","2":"type-product","3":"status-publish","4":"has-post-thumbnail","6":"product_cat-allerheiligen","9":"first","10":"onbackorder","11":"shipping-taxable","12":"product-type-variable"},"_links":{"self":[{"href":"https:\/\/koga-polska.pl\/de\/wp-json\/wp\/v2\/product\/36617","targetHints":{"allow":["GET"]}}],"collection":[{"href":"https:\/\/koga-polska.pl\/de\/wp-json\/wp\/v2\/product"}],"about":[{"href":"https:\/\/koga-polska.pl\/de\/wp-json\/wp\/v2\/types\/product"}],"replies":[{"embeddable":true,"href":"https:\/\/koga-polska.pl\/de\/wp-json\/wp\/v2\/comments?post=36617"}],"version-history":[{"count":2,"href":"https:\/\/koga-polska.pl\/de\/wp-json\/wp\/v2\/product\/36617\/revisions"}],"predecessor-version":[{"id":37483,"href":"https:\/\/koga-polska.pl\/de\/wp-json\/wp\/v2\/product\/36617\/revisions\/37483"}],"wp:featuredmedia":[{"embeddable":true,"href":"https:\/\/koga-polska.pl\/de\/wp-json\/wp\/v2\/media\/34054"}],"wp:attachment":[{"href":"https:\/\/koga-polska.pl\/de\/wp-json\/wp\/v2\/media?parent=36617"}],"wp:term":[{"taxonomy":"product_brand","embeddable":true,"href":"https:\/\/koga-polska.pl\/de\/wp-json\/wp\/v2\/product_brand?post=36617"},{"taxonomy":"product_cat","embeddable":true,"href":"https:\/\/koga-polska.pl\/de\/wp-json\/wp\/v2\/product_cat?post=36617"},{"taxonomy":"product_tag","embeddable":true,"href":"https:\/\/koga-polska.pl\/de\/wp-json\/wp\/v2\/product_tag?post=36617"}],"curies":[{"name":"wp","href":"https:\/\/api.w.org\/{rel}","templated":true}]}}